{"id":313,"date":"2022-06-24T16:19:59","date_gmt":"2022-06-24T14:19:59","guid":{"rendered":"https:\/\/baukultur-netzwerk.de\/?page_id=313"},"modified":"2022-06-24T16:19:59","modified_gmt":"2022-06-24T14:19:59","slug":"presseartikel","status":"publish","type":"page","link":"https:\/\/baukultur-netzwerk.de\/en\/presseartikel\/","title":{"rendered":"Presseartikel"},"content":{"rendered":"<ul class=\"wp-block-latest-posts__list has-dates is-style-twentytwentyone-latest-posts-borders wp-block-latest-posts\"><li><a class=\"wp-block-latest-posts__post-title\" href=\"https:\/\/baukultur-netzwerk.de\/en\/roter-faden-durch-die-spaetgotik\/\">Roter Faden durch die Sp\u00e4tgotik<\/a><time datetime=\"2022-05-03T12:23:16+02:00\" class=\"wp-block-latest-posts__post-date\">3. May 2022<\/time><div class=\"wp-block-latest-posts__post-excerpt\">Nordalpine Baukultur des Sp\u00e4tmittelalters: Damit besch\u00e4ftigt sich ein neues Netzwerk, das die Deutsche Forschungsgemeinschaft genehmigt hat. Federf\u00fchrend sind die kunsthistorischen Institute der TU Dresden und der Uni W\u00fcrzburg. Kunst und Architektur des 15. und 16. Jahrhunderts: Wer denkt da nicht an Renaissance, an Florenz, Mailand oder Rom? An Michelangelo, Giorgio Vasari und Leonardo da Vinci?&hellip; <a class=\"more-link\" href=\"https:\/\/baukultur-netzwerk.de\/en\/roter-faden-durch-die-spaetgotik\/\">Continue reading <span class=\"screen-reader-text\">Roter Faden durch die Sp\u00e4tgotik<\/span><\/a><\/div><\/li>\n<\/ul>","protected":false},"excerpt":{"rendered":"","protected":false},"author":1,"featured_media":0,"parent":0,"menu_order":0,"comment_status":"closed","ping_status":"closed","template":"","meta":{"footnotes":""},"class_list":["post-313","page","type-page","status-publish","hentry","entry"],"jetpack_sharing_enabled":true,"_links":{"self":[{"href":"https:\/\/baukultur-netzwerk.de\/en\/wp-json\/wp\/v2\/pages\/313","targetHints":{"allow":["GET"]}}],"collection":[{"href":"https:\/\/baukultur-netzwerk.de\/en\/wp-json\/wp\/v2\/pages"}],"about":[{"href":"https:\/\/baukultur-netzwerk.de\/en\/wp-json\/wp\/v2\/types\/page"}],"author":[{"embeddable":true,"href":"https:\/\/baukultur-netzwerk.de\/en\/wp-json\/wp\/v2\/users\/1"}],"replies":[{"embeddable":true,"href":"https:\/\/baukultur-netzwerk.de\/en\/wp-json\/wp\/v2\/comments?post=313"}],"version-history":[{"count":1,"href":"https:\/\/baukultur-netzwerk.de\/en\/wp-json\/wp\/v2\/pages\/313\/revisions"}],"predecessor-version":[{"id":314,"href":"https:\/\/baukultur-netzwerk.de\/en\/wp-json\/wp\/v2\/pages\/313\/revisions\/314"}],"wp:attachment":[{"href":"https:\/\/baukultur-netzwerk.de\/en\/wp-json\/wp\/v2\/media?parent=313"}],"curies":[{"name":"wp","href":"https:\/\/api.w.org\/{rel}","templated":true}]}}