{"id":311,"date":"2022-06-24T16:19:00","date_gmt":"2022-06-24T14:19:00","guid":{"rendered":"https:\/\/baukultur-netzwerk.de\/?page_id=311"},"modified":"2022-06-24T16:21:12","modified_gmt":"2022-06-24T14:21:12","slug":"publikationen","status":"publish","type":"page","link":"https:\/\/baukultur-netzwerk.de\/en\/publikationen\/","title":{"rendered":"Publikationen"},"content":{"rendered":"<ul class=\"wp-block-latest-posts__list has-dates is-style-twentytwentyone-latest-posts-borders wp-block-latest-posts\"><li><a class=\"wp-block-latest-posts__post-title\" href=\"https:\/\/baukultur-netzwerk.de\/en\/tagungsband-zur-herzogwerkstatt\/\">Tagungsband zur Herzogwerkstatt<\/a><time datetime=\"2022-07-12T12:35:49+02:00\" class=\"wp-block-latest-posts__post-date\">12. July 2022<\/time><div class=\"wp-block-latest-posts__post-excerpt\">St. Stephan in Wien. Die &#8222;Herzogswerkstatt&#8220; Barbara Schedl und Franz Zehetner (Hg.) Der Band vereint die neuesten Forschungsergebnisse zu der von Rudolf IV. initiierten Erweiterung der Wiener Stephanskirche in Hinblick auf seine Grablege, die auf einer interdisziplin\u00e4r ausgerichteten Tagung diskutiert wurden. Neben einer Darstellung der Bauchronologie nach den Schriftquellen, einer profunden kunsthistorischen Einordnung des Hallenchores&hellip; <a class=\"more-link\" href=\"https:\/\/baukultur-netzwerk.de\/en\/tagungsband-zur-herzogwerkstatt\/\">Continue reading <span class=\"screen-reader-text\">Tagungsband zur Herzogwerkstatt<\/span><\/a><\/div><\/li>\n<li><a class=\"wp-block-latest-posts__post-title\" href=\"https:\/\/baukultur-netzwerk.de\/en\/architekturoekonomie\/\">Architektur\u00f6konomie<\/a><time datetime=\"2022-06-24T14:24:07+02:00\" class=\"wp-block-latest-posts__post-date\">24. June 2022<\/time><div class=\"wp-block-latest-posts__post-excerpt\">Die Finanzierung kirchlicher und kommunaler Bauvorhaben im sp\u00e4teren Mittelalter Herausgeber: Richard Nemec, Gerald Schwedler Die urbanen Bauprojekte des sp\u00e4ten Mittelalters dienten nicht nur milit\u00e4rischen oder repr\u00e4sentativen Zwecken, sie waren auch Beispiele eines fl\u00e4chendeckenden Baubooms: Gro\u00dfbauten mit beeindruckender architektonischer Qualit\u00e4t aus dieser Zeit \u2013 die auch als &#8222;sp\u00e4tmittelalterliche Gr\u00fcnderzeit Europas&#8220; beschrieben werden kann \u2013 pr\u00e4gen Europa.&hellip; <a class=\"more-link\" href=\"https:\/\/baukultur-netzwerk.de\/en\/architekturoekonomie\/\">Continue reading <span class=\"screen-reader-text\">Architektur\u00f6konomie<\/span><\/a><\/div><\/li>\n<li><a class=\"wp-block-latest-posts__post-title\" href=\"https:\/\/baukultur-netzwerk.de\/en\/spaetgotische-baukunst-in-unterfranken-ein-ueberblick-zur-baukultur-von-1370-bis-1530\/\">Sp\u00e4tgotische Baukunst in Unterfranken &#8211; Ein \u00dcberblick zur Baukultur von 1370 bis 1530<\/a><time datetime=\"2022-06-24T13:32:32+02:00\" class=\"wp-block-latest-posts__post-date\">24. June 2022<\/time><div class=\"wp-block-latest-posts__post-excerpt\">Herausgeber: Stefan B\u00fcrger, Prof. Dr., 2014 Berufung auf die Professur f\u00fcr Kunstgeschichte an der Universit\u00e4t W\u00fcrzburg. Die Jahre zwischen 1370 und 1530 waren eine Zeit gro\u00dfer Baut\u00e4tigkeit. Das wird in diesem Band f\u00fcr das Gebiet des heutigen Regierungsbezirks Unterfranken umfangreich dokumentiert. Dabei wird, ohne einen spezifischen Regionalstil herauszuarbeiten, die gesamte stilistische Breite und Diversit\u00e4t von&hellip; <a class=\"more-link\" href=\"https:\/\/baukultur-netzwerk.de\/en\/spaetgotische-baukunst-in-unterfranken-ein-ueberblick-zur-baukultur-von-1370-bis-1530\/\">Continue reading <span class=\"screen-reader-text\">Sp\u00e4tgotische Baukunst in Unterfranken &#8211; Ein \u00dcberblick zur Baukultur von 1370 bis 1530<\/span><\/a><\/div><\/li>\n<\/ul>","protected":false},"excerpt":{"rendered":"","protected":false},"author":1,"featured_media":0,"parent":0,"menu_order":0,"comment_status":"closed","ping_status":"closed","template":"","meta":{"footnotes":""},"class_list":["post-311","page","type-page","status-publish","hentry","entry"],"jetpack_sharing_enabled":true,"_links":{"self":[{"href":"https:\/\/baukultur-netzwerk.de\/en\/wp-json\/wp\/v2\/pages\/311","targetHints":{"allow":["GET"]}}],"collection":[{"href":"https:\/\/baukultur-netzwerk.de\/en\/wp-json\/wp\/v2\/pages"}],"about":[{"href":"https:\/\/baukultur-netzwerk.de\/en\/wp-json\/wp\/v2\/types\/page"}],"author":[{"embeddable":true,"href":"https:\/\/baukultur-netzwerk.de\/en\/wp-json\/wp\/v2\/users\/1"}],"replies":[{"embeddable":true,"href":"https:\/\/baukultur-netzwerk.de\/en\/wp-json\/wp\/v2\/comments?post=311"}],"version-history":[{"count":2,"href":"https:\/\/baukultur-netzwerk.de\/en\/wp-json\/wp\/v2\/pages\/311\/revisions"}],"predecessor-version":[{"id":317,"href":"https:\/\/baukultur-netzwerk.de\/en\/wp-json\/wp\/v2\/pages\/311\/revisions\/317"}],"wp:attachment":[{"href":"https:\/\/baukultur-netzwerk.de\/en\/wp-json\/wp\/v2\/media?parent=311"}],"curies":[{"name":"wp","href":"https:\/\/api.w.org\/{rel}","templated":true}]}}