{"id":308,"date":"2022-06-24T16:17:00","date_gmt":"2022-06-24T14:17:00","guid":{"rendered":"https:\/\/baukultur-netzwerk.de\/?page_id=308"},"modified":"2022-06-24T16:21:30","modified_gmt":"2022-06-24T14:21:30","slug":"tutorials","status":"publish","type":"page","link":"https:\/\/baukultur-netzwerk.de\/en\/tutorials\/","title":{"rendered":"Tutorials"},"content":{"rendered":"<ul class=\"wp-block-latest-posts__list has-dates is-style-twentytwentyone-latest-posts-borders wp-block-latest-posts\"><li><a class=\"wp-block-latest-posts__post-title\" href=\"https:\/\/baukultur-netzwerk.de\/en\/tutorial-fuer-studienanfaenger-zum-entwurfsverfahren-von-figurierten-gewoelben\/\">Entwurfsverfahren von figurierten Gew\u00f6lben<\/a><time datetime=\"2022-06-24T12:51:23+02:00\" class=\"wp-block-latest-posts__post-date\">24. June 2022<\/time><div class=\"wp-block-latest-posts__post-excerpt\">Tutorial f\u00fcr Studienanf\u00e4nger Aufgabe war, mit einfachsten Mitteln, die Geometrie eines engmaschigen Netzgew\u00f6lbes zu konstruieren und ein zugeh\u00f6riges \u201eLehrger\u00fcst\u201c aus Papier herzustellen (s. Abb.). Mit dem dabei gewonnenen \u201ePraxiswissen\u201c sollte ein selbstgew\u00e4hltes figuriertes Gew\u00f6lbe der Zeit um 1500 auch vor dem Hintergrund konstruktiver Aspekte beschrieben und bewertet werden. Eine spanische Seite zu Gew\u00f6lbekonstruktionen, in der&hellip; <a class=\"more-link\" href=\"https:\/\/baukultur-netzwerk.de\/en\/tutorial-fuer-studienanfaenger-zum-entwurfsverfahren-von-figurierten-gewoelben\/\">Continue reading <span class=\"screen-reader-text\">Entwurfsverfahren von figurierten Gew\u00f6lben<\/span><\/a><\/div><\/li>\n<\/ul>","protected":false},"excerpt":{"rendered":"","protected":false},"author":1,"featured_media":0,"parent":0,"menu_order":0,"comment_status":"closed","ping_status":"closed","template":"","meta":{"footnotes":""},"class_list":["post-308","page","type-page","status-publish","hentry","entry"],"jetpack_sharing_enabled":true,"_links":{"self":[{"href":"https:\/\/baukultur-netzwerk.de\/en\/wp-json\/wp\/v2\/pages\/308","targetHints":{"allow":["GET"]}}],"collection":[{"href":"https:\/\/baukultur-netzwerk.de\/en\/wp-json\/wp\/v2\/pages"}],"about":[{"href":"https:\/\/baukultur-netzwerk.de\/en\/wp-json\/wp\/v2\/types\/page"}],"author":[{"embeddable":true,"href":"https:\/\/baukultur-netzwerk.de\/en\/wp-json\/wp\/v2\/users\/1"}],"replies":[{"embeddable":true,"href":"https:\/\/baukultur-netzwerk.de\/en\/wp-json\/wp\/v2\/comments?post=308"}],"version-history":[{"count":2,"href":"https:\/\/baukultur-netzwerk.de\/en\/wp-json\/wp\/v2\/pages\/308\/revisions"}],"predecessor-version":[{"id":318,"href":"https:\/\/baukultur-netzwerk.de\/en\/wp-json\/wp\/v2\/pages\/308\/revisions\/318"}],"wp:attachment":[{"href":"https:\/\/baukultur-netzwerk.de\/en\/wp-json\/wp\/v2\/media?parent=308"}],"curies":[{"name":"wp","href":"https:\/\/api.w.org\/{rel}","templated":true}]}}