{"id":27,"date":"2022-05-03T12:18:47","date_gmt":"2022-05-03T12:18:47","guid":{"rendered":"https:\/\/baukultur-netzwerk.de\/?page_id=27"},"modified":"2023-10-08T11:32:50","modified_gmt":"2023-10-08T09:32:50","slug":"mitglieder","status":"publish","type":"page","link":"https:\/\/baukultur-netzwerk.de\/en\/mitglieder\/","title":{"rendered":"members"},"content":{"rendered":"<h2 class=\"wp-block-heading\" id=\"projektkoordination\">project coordination<\/h2>\n\n\n\n<div class=\"wp-block-columns are-vertically-aligned-top is-style-default is-layout-flex wp-container-core-columns-is-layout-9d6595d7 wp-block-columns-is-layout-flex\">\n<div class=\"wp-block-column is-vertically-aligned-top is-layout-flow wp-block-column-is-layout-flow\">\n<p>Klein, Bruno, Prof. Dr., <br>TU Dresden, Kunstgeschichte<\/p>\n<\/div>\n\n\n\n<div class=\"wp-block-column is-vertically-aligned-top is-layout-flow wp-block-column-is-layout-flow\">\n<p><a href=\"mailto:bruno.klein@\u200btu-dresden.de\">bruno.klein@\u200btu-dresden.de<\/a><\/p>\n<\/div>\n<\/div>\n\n\n\n<div class=\"wp-block-columns are-vertically-aligned-top is-layout-flex wp-container-core-columns-is-layout-9d6595d7 wp-block-columns-is-layout-flex\">\n<div class=\"wp-block-column is-vertically-aligned-top is-layout-flow wp-block-column-is-layout-flow\">\n<p>B\u00fcrger, Stefan, Prof. Dr.,<br>Universit\u00e4t W\u00fcrzburg, Kunstgeschichte<\/p>\n<\/div>\n\n\n\n<div class=\"wp-block-column is-vertically-aligned-top is-layout-flow wp-block-column-is-layout-flow\">\n<p><a href=\"mailto:stefan.buerger@uni-wuerzburg.de\">stefan.buerger@uni-wuerzburg.de<\/a><\/p>\n<\/div>\n<\/div>\n\n\n\n<div class=\"wp-block-columns is-layout-flex wp-container-core-columns-is-layout-9d6595d7 wp-block-columns-is-layout-flex\">\n<div class=\"wp-block-column is-layout-flow wp-block-column-is-layout-flow\">\n<p>Berchtenbreiter, Elisabeth, B.A.,<br>Universit\u00e4t W\u00fcrzburg, Geschichte<\/p>\n<\/div>\n\n\n\n<div class=\"wp-block-column is-layout-flow wp-block-column-is-layout-flow\">\n<p><a href=\"mailto:elisabeth.berchtenbreiter@stud-mail.uni-wuerzburg.de\">elisabeth.berchtenbreiter@stud-mail.uni-wuerzburg.de<\/a><\/p>\n<\/div>\n<\/div>\n\n\n\n<div class=\"wp-block-columns is-layout-flex wp-container-core-columns-is-layout-9d6595d7 wp-block-columns-is-layout-flex\">\n<div class=\"wp-block-column is-layout-flow wp-block-column-is-layout-flow\">\n<p>Stegerwald, Carina, M.A.,<br>Universit\u00e4t Dresden, Kunstgeschichte<\/p>\n<\/div>\n\n\n\n<div class=\"wp-block-column is-layout-flow wp-block-column-is-layout-flow\">\n<p><a href=\"mailto:carina.stegerwald@mailbox.tu-dresden.de\">carina.stegerwald@mailbox.tu-dresden.de<\/a><\/p>\n<\/div>\n<\/div>\n\n\n\n<h2 class=\"wp-block-heading\">members<\/h2>\n\n\n\n<div class=\"wp-block-columns is-layout-flex wp-container-core-columns-is-layout-9d6595d7 wp-block-columns-is-layout-flex\">\n<div class=\"wp-block-column is-layout-flow wp-block-column-is-layout-flow\">\n<p>Aranda Alonso,<br>Mar\u00eda, M.A., TU Dresden,<br>Baugeschichte \/ Bautechnikgeschichte<\/p>\n<\/div>\n\n\n\n<div class=\"wp-block-column is-layout-flow wp-block-column-is-layout-flow\"><\/div>\n<\/div>\n\n\n\n<div class=\"wp-block-columns is-layout-flex wp-container-core-columns-is-layout-9d6595d7 wp-block-columns-is-layout-flex\">\n<div class=\"wp-block-column is-layout-flow wp-block-column-is-layout-flow\">\n<p>Becker, Friedrich, M.A.,<br>Universit\u00e4t Stuttgart,<br>Architekturgeschichte<\/p>\n<\/div>\n\n\n\n<div class=\"wp-block-column is-layout-flow wp-block-column-is-layout-flow\"><\/div>\n<\/div>\n\n\n\n<div class=\"wp-block-columns is-layout-flex wp-container-core-columns-is-layout-9d6595d7 wp-block-columns-is-layout-flex\">\n<div class=\"wp-block-column is-layout-flow wp-block-column-is-layout-flow\">\n<p>Bengel, Sabine, Dr.,<br>Stra\u00dfburg,<br>Fondation de l\u2018\u0152uvre de Notre-Dame,<br>Architekturgeschichte<\/p>\n<\/div>\n\n\n\n<div class=\"wp-block-column is-layout-flow wp-block-column-is-layout-flow\">\n<p><a href=\"mailto:Sabine.BENGEL@strasbourg.eu\">Sabine.BENGEL@strasbourg.eu<\/a><\/p>\n<\/div>\n<\/div>\n\n\n\n<div class=\"wp-block-columns is-layout-flex wp-container-core-columns-is-layout-9d6595d7 wp-block-columns-is-layout-flex\">\n<div class=\"wp-block-column is-layout-flow wp-block-column-is-layout-flow\">\n<p>Brehm, Anne-Christine, <br>PD Dr.-Ing., Dombaumeisterin<br>Freiburg im Breisgau<\/p>\n<\/div>\n\n\n\n<div class=\"wp-block-column is-layout-flow wp-block-column-is-layout-flow\"><\/div>\n<\/div>\n\n\n\n<div class=\"wp-block-columns is-layout-flex wp-container-core-columns-is-layout-9d6595d7 wp-block-columns-is-layout-flex\">\n<div class=\"wp-block-column is-layout-flow wp-block-column-is-layout-flow\">\n<p>Lynch, Sarah, <br>Dr., Universit\u00e4t Erlangen-N\u00fcrnberg,<br>Kunstgeschichte<\/p>\n<\/div>\n\n\n\n<div class=\"wp-block-column is-layout-flow wp-block-column-is-layout-flow\"><\/div>\n<\/div>\n\n\n\n<div class=\"wp-block-columns is-layout-flex wp-container-core-columns-is-layout-9d6595d7 wp-block-columns-is-layout-flex\">\n<div class=\"wp-block-column is-layout-flow wp-block-column-is-layout-flow\">\n<p>Mai, Christian, M.A., <br>TU Dresden, <br>Architekturgeschichte<\/p>\n<\/div>\n\n\n\n<div class=\"wp-block-column is-layout-flow wp-block-column-is-layout-flow\"><\/div>\n<\/div>\n\n\n\n<div class=\"wp-block-columns is-layout-flex wp-container-core-columns-is-layout-9d6595d7 wp-block-columns-is-layout-flex\">\n<div class=\"wp-block-column is-layout-flow wp-block-column-is-layout-flow\">\n<p>Morsbach, Peter, Prof. Dr.,<br>Oberbayrische Technische Hochschule Regensburg,<br>Denkmalpflege,<br>Kunst-und Architekturgeschichte<\/p>\n<\/div>\n\n\n\n<div class=\"wp-block-column is-layout-flow wp-block-column-is-layout-flow\">\n<p><a href=\"mailto:peter.morsbach@oth-regensburg.de\">peter.morsbach@oth-regensburg.de<\/a><\/p>\n<\/div>\n<\/div>\n\n\n\n<div class=\"wp-block-columns is-layout-flex wp-container-core-columns-is-layout-9d6595d7 wp-block-columns-is-layout-flex\">\n<div class=\"wp-block-column is-layout-flow wp-block-column-is-layout-flow\">\n<p>N\u011bmec, Richard, PD Dr.,<br>Universit\u00e4t Bern,<br>Direktor Geschichtsmuseen der Landeshauptstadt Erfurt \/ Universit\u00e4t Jena, Mittelalterliche Geschichte \/ Landesgeschichte<\/p>\n<\/div>\n\n\n\n<div class=\"wp-block-column is-layout-flow wp-block-column-is-layout-flow\">\n<p>richard.nemec@unibe.ch<\/p>\n<\/div>\n<\/div>\n\n\n\n<div class=\"wp-block-columns is-layout-flex wp-container-core-columns-is-layout-9d6595d7 wp-block-columns-is-layout-flex\">\n<div class=\"wp-block-column is-layout-flow wp-block-column-is-layout-flow\">\n<p>Neugebauer, Anke, Dr.,<br>Hochschule Anhalt <br>Fachbereich 3 &#8211; Architektur, Facility Management und Geoinformation<\/p>\n<\/div>\n\n\n\n<div class=\"wp-block-column is-layout-flow wp-block-column-is-layout-flow\">\n<p><a href=\"https:\/\/hs-anhalt.academia.edu\/AnkeNeugebauer\">https:\/\/hs-anhalt.academia.edu\/AnkeNeugebauer<\/a><\/p>\n<\/div>\n<\/div>\n\n\n\n<div class=\"wp-block-columns is-layout-flex wp-container-core-columns-is-layout-9d6595d7 wp-block-columns-is-layout-flex\">\n<div class=\"wp-block-column is-layout-flow wp-block-column-is-layout-flow\">\n<p>Palzer, Iris, M.A., <br>Mitglied des DFG-Graduiertenkolleg 1662 \u201eReligi\u00f6ses Wissen im vormodernen Europa (800\u20131800)\u201c der Eberhard-Karls-Universit\u00e4t T\u00fcbingen, <br>Th\u00fcringer Schl\u00f6sser und G\u00e4rten<\/p>\n<\/div>\n\n\n\n<div class=\"wp-block-column is-layout-flow wp-block-column-is-layout-flow\">\n<p><a href=\"mailto:ariane-iris.palzer@uni-tuebingen.de\">ariane-iris.palzer@uni-tuebingen.de<\/a><\/p>\n<\/div>\n<\/div>\n\n\n\n<div class=\"wp-block-columns is-layout-flex wp-container-core-columns-is-layout-9d6595d7 wp-block-columns-is-layout-flex\">\n<div class=\"wp-block-column is-layout-flow wp-block-column-is-layout-flow\">\n<p>Reitemeier, Arnd, Prof. Dr.,<br>Georg-August Universit\u00e4t G\u00f6ttingen;<br>Institut f\u00fcr Historische Landesforschung<\/p>\n<\/div>\n\n\n\n<div class=\"wp-block-column is-layout-flow wp-block-column-is-layout-flow\"><\/div>\n<\/div>\n\n\n\n<div class=\"wp-block-columns is-layout-flex wp-container-core-columns-is-layout-9d6595d7 wp-block-columns-is-layout-flex\">\n<div class=\"wp-block-column is-layout-flow wp-block-column-is-layout-flow\">\n<p>Schwedler, Gerald, Prof. Dr.,<br>Christian-Albrechts-Universit\u00e4t zu Kiel, Professur f\u00fcr Geschichte des sp\u00e4ten Mittelalters sowie Wirtschafts- und Sozialgeschichte<\/p>\n<\/div>\n\n\n\n<div class=\"wp-block-column is-layout-flow wp-block-column-is-layout-flow\"><\/div>\n<\/div>\n\n\n\n<div class=\"wp-block-columns is-layout-flex wp-container-core-columns-is-layout-9d6595d7 wp-block-columns-is-layout-flex\">\n<div class=\"wp-block-column is-layout-flow wp-block-column-is-layout-flow\">\n<p>Schedl, Barbara, Univ.-Doz. Dr.,<br>Universit\u00e4t Wien, <br>Institut f\u00fcr Kunstgeschichte<\/p>\n<\/div>\n\n\n\n<div class=\"wp-block-column is-layout-flow wp-block-column-is-layout-flow\">\n<p><a href=\"https:\/\/kunstgeschichte.univie.ac.at\/ueber-uns\/mitarbeiterinnen\/dozenteninnen\/schedl-barbara\/\">https:\/\/kunstgeschichte.univie.ac.at\/ueber-uns\/mitarbeiterinnen\/dozenteninnen\/schedl-barbara\/<\/a><\/p>\n<\/div>\n<\/div>\n\n\n\n<div class=\"wp-block-columns is-layout-flex wp-container-core-columns-is-layout-9d6595d7 wp-block-columns-is-layout-flex\">\n<div class=\"wp-block-column is-layout-flow wp-block-column-is-layout-flow\">\n<p>Schr\u00f6ck, Katja, M.A., <br>Universit\u00e4t Z\u00fcrich, <br>Kunsthistorisches Institut, <br>Lehrstuhl f\u00fcr Kunstgeschichte des Mittelalters und Arch\u00e4ologie der fr\u00fchchristlichen, hoch- und sp\u00e4tmittelalterlichen Zeit; Assistenz (befristet bis 31. August 2022)<\/p>\n<\/div>\n\n\n\n<div class=\"wp-block-column is-layout-flow wp-block-column-is-layout-flow\">\n<p><a href=\"https:\/\/www.khist.uzh.ch\/de\/chairs\/archaeologie\/teampage\/Kschr%C3%B6ck.html\">https:\/\/www.khist.uzh.ch\/de\/chairs\/archaeologie\/teampage\/Kschr%C3%B6ck.html<\/a><\/p>\n<\/div>\n<\/div>\n\n\n\n<div class=\"wp-block-columns is-layout-flex wp-container-core-columns-is-layout-9d6595d7 wp-block-columns-is-layout-flex\">\n<div class=\"wp-block-column is-layout-flow wp-block-column-is-layout-flow\">\n<p>Schulz, Matthias, Prof. Dr., Universit\u00e4t W\u00fcrzburg, <br>Deutsche Sprachwissenschaft<\/p>\n<\/div>\n\n\n\n<div class=\"wp-block-column is-layout-flow wp-block-column-is-layout-flow\">\n<p><a href=\"mailto:matth.schulz@uni-wuerzburg.de\">matth.schulz@uni-wuerzburg.de<\/a><\/p>\n<\/div>\n<\/div>\n\n\n\n<div class=\"wp-block-columns is-layout-flex wp-container-core-columns-is-layout-9d6595d7 wp-block-columns-is-layout-flex\">\n<div class=\"wp-block-column is-layout-flow wp-block-column-is-layout-flow\">\n<p>Sladeczek, Martin, Dr., <br>Universit\u00e4t Jena, Mittelalterliche Geschichte \/ Landesgeschichte,<br>Leiter historische Museen Erfurt<\/p>\n<\/div>\n\n\n\n<div class=\"wp-block-column is-layout-flow wp-block-column-is-layout-flow\">\n<p><a rel=\"noreferrer noopener\" href=\"mailto:martin.sladeczek@web.de\" target=\"_blank\">martin.sladeczek@web.de<\/a><\/p>\n<\/div>\n<\/div>\n\n\n\n<h2 class=\"wp-block-heading\">guests<\/h2>\n\n\n\n<p>Bischoff, Franz, Dr., ehem. Kunstbibliothek \/ Staatliche Museen zu Berlin<\/p>\n\n\n\n<p>Freigang, Christian, Prof. Dr., Universit\u00e4t Berlin, Kunstgeschichte<\/p>\n\n\n\n<p>G\u00fcnther, Hubertus, Prof. Dr., Emeritus Universit\u00e4t Z\u00fcrich, Kunstgeschichte<\/p>\n\n\n\n<p>Oechslin, Werner, Prof. Dr., ETH Z\u00fcrich, Kunst- und Architekturgeschichte<\/p>\n\n\n\n<h2 class=\"wp-block-heading\">associate members<\/h2>\n\n\n\n<p>Egner, Miriam, B.A., Universit\u00e4t M\u00fcnchen, Kunstgeschichte <a href=\"mailto:miriam-egner@t-online.de\">miriam.egner@campus.lmu.de<\/a><\/p>\n\n\n\n<p>J\u00e4cker, Marie, M.Ed., Universit\u00e4t Kiel, Geschichte \/ Englisch <a href=\"mailto:mjaecker@histosem.uni-kiel.de\">mjaecker@histosem.uni-kiel.de<\/a><\/p>\n\n\n\n<p>Sander, Johannes, PD Dr., Universit\u00e4t W\u00fcrzburg, Kunstgeschichte <a href=\"mailto:johannes.sander@uni-wuerzburg.de\">johannes.sander@uni-wuerzburg.de<\/a><\/p>\n\n\n\n<p>Then, Larissa, M.A., Universit\u00e4t W\u00fcrzburg, Deutsche Sprachwissenschaft <a href=\"mailto:larissa.then@uni-wuerzburg.de\">larissa.then@uni-wuerzburg.de<\/a><\/p>\n\n\n\n<p>Liebig, Jost-Peter, Universit\u00e4t W\u00fcrzburg, Kunstgeschichte                            <a rel=\"noreferrer noopener\" href=\"mailto:jost-peter.liebig@gmx.de\" target=\"_blank\">jost-peter.liebig@gmx.de<\/a><\/p>","protected":false},"excerpt":{"rendered":"<p>Projektkoordination Klein, Bruno, Prof. Dr., TU Dresden, Kunstgeschichte bruno.klein@\u200btu-dresden.de B\u00fcrger, Stefan, Prof. Dr.,Universit\u00e4t W\u00fcrzburg, Kunstgeschichte stefan.buerger@uni-wuerzburg.de Berchtenbreiter, Elisabeth, B.A.,Universit\u00e4t W\u00fcrzburg, Geschichte elisabeth.berchtenbreiter@stud-mail.uni-wuerzburg.de Stegerwald, Carina, M.A.,Universit\u00e4t Dresden, Kunstgeschichte carina.stegerwald@mailbox.tu-dresden.de Mitglieder Aranda Alonso,Mar\u00eda, M.A., TU Dresden,Baugeschichte \/ Bautechnikgeschichte Becker, Friedrich, M.A.,Universit\u00e4t Stuttgart,Architekturgeschichte Bengel, Sabine, Dr.,Stra\u00dfburg,Fondation de l\u2018\u0152uvre de Notre-Dame,Architekturgeschichte Sabine.BENGEL@strasbourg.eu Brehm, Anne-Christine, PD Dr.-Ing., DombaumeisterinFreiburg im Breisgau&hellip; <a class=\"more-link\" href=\"https:\/\/baukultur-netzwerk.de\/en\/mitglieder\/\">Continue reading <span class=\"screen-reader-text\">members<\/span><\/a><\/p>","protected":false},"author":1,"featured_media":0,"parent":0,"menu_order":0,"comment_status":"closed","ping_status":"closed","template":"","meta":{"footnotes":""},"class_list":["post-27","page","type-page","status-publish","hentry","entry"],"jetpack_sharing_enabled":true,"_links":{"self":[{"href":"https:\/\/baukultur-netzwerk.de\/en\/wp-json\/wp\/v2\/pages\/27","targetHints":{"allow":["GET"]}}],"collection":[{"href":"https:\/\/baukultur-netzwerk.de\/en\/wp-json\/wp\/v2\/pages"}],"about":[{"href":"https:\/\/baukultur-netzwerk.de\/en\/wp-json\/wp\/v2\/types\/page"}],"author":[{"embeddable":true,"href":"https:\/\/baukultur-netzwerk.de\/en\/wp-json\/wp\/v2\/users\/1"}],"replies":[{"embeddable":true,"href":"https:\/\/baukultur-netzwerk.de\/en\/wp-json\/wp\/v2\/comments?post=27"}],"version-history":[{"count":25,"href":"https:\/\/baukultur-netzwerk.de\/en\/wp-json\/wp\/v2\/pages\/27\/revisions"}],"predecessor-version":[{"id":468,"href":"https:\/\/baukultur-netzwerk.de\/en\/wp-json\/wp\/v2\/pages\/27\/revisions\/468"}],"wp:attachment":[{"href":"https:\/\/baukultur-netzwerk.de\/en\/wp-json\/wp\/v2\/media?parent=27"}],"curies":[{"name":"wp","href":"https:\/\/api.w.org\/{rel}","templated":true}]}}