{"id":251,"date":"2022-06-24T12:40:52","date_gmt":"2022-06-24T10:40:52","guid":{"rendered":"https:\/\/baukultur-netzwerk.de\/?page_id=251"},"modified":"2022-08-09T09:35:49","modified_gmt":"2022-08-09T07:35:49","slug":"beitraege","status":"publish","type":"page","link":"https:\/\/baukultur-netzwerk.de\/en\/beitraege\/","title":{"rendered":"posts"},"content":{"rendered":"<h2 class=\"wp-block-heading\">Presseartikel<\/h2>\n\n\n<ul class=\"wp-block-latest-posts__list has-dates is-style-twentytwentyone-latest-posts-borders wp-block-latest-posts\"><li><a class=\"wp-block-latest-posts__post-title\" href=\"https:\/\/baukultur-netzwerk.de\/en\/roter-faden-durch-die-spaetgotik\/\">Roter Faden durch die Sp\u00e4tgotik<\/a><time datetime=\"2022-05-03T12:23:16+02:00\" class=\"wp-block-latest-posts__post-date\">3. May 2022<\/time><div class=\"wp-block-latest-posts__post-excerpt\">Nordalpine Baukultur des Sp\u00e4tmittelalters: Damit besch\u00e4ftigt sich ein neues Netzwerk, das die Deutsche Forschungsgemeinschaft genehmigt hat. Federf\u00fchrend sind die kunsthistorischen Institute der TU Dresden und der Uni W\u00fcrzburg. Kunst und&hellip; <a class=\"more-link\" href=\"https:\/\/baukultur-netzwerk.de\/en\/roter-faden-durch-die-spaetgotik\/\">Continue reading <span class=\"screen-reader-text\">Roter Faden durch die Sp\u00e4tgotik<\/span><\/a><\/div><\/li>\n<\/ul>\n\n\n<div style=\"height:100px\" aria-hidden=\"true\" class=\"wp-block-spacer\"><\/div>\n\n\n\n<h2 class=\"wp-block-heading\">Tutorials &amp; Informationen<\/h2>\n\n\n<ul class=\"wp-block-latest-posts__list has-dates is-style-twentytwentyone-latest-posts-borders wp-block-latest-posts\"><li><a class=\"wp-block-latest-posts__post-title\" href=\"https:\/\/baukultur-netzwerk.de\/en\/tutorial-fuer-studienanfaenger-zum-entwurfsverfahren-von-figurierten-gewoelben\/\">Entwurfsverfahren von figurierten Gew\u00f6lben<\/a><time datetime=\"2022-06-24T12:51:23+02:00\" class=\"wp-block-latest-posts__post-date\">24. June 2022<\/time><div class=\"wp-block-latest-posts__post-excerpt\">Tutorial f\u00fcr Studienanf\u00e4nger Aufgabe war, mit einfachsten Mitteln, die Geometrie eines engmaschigen Netzgew\u00f6lbes zu konstruieren und ein zugeh\u00f6riges \u201eLehrger\u00fcst\u201c aus Papier herzustellen (s. Abb.). Mit dem dabei gewonnenen \u201ePraxiswissen\u201c sollte&hellip; <a class=\"more-link\" href=\"https:\/\/baukultur-netzwerk.de\/en\/tutorial-fuer-studienanfaenger-zum-entwurfsverfahren-von-figurierten-gewoelben\/\">Continue reading <span class=\"screen-reader-text\">Entwurfsverfahren von figurierten Gew\u00f6lben<\/span><\/a><\/div><\/li>\n<\/ul>\n\n\n<div style=\"height:100px\" aria-hidden=\"true\" class=\"wp-block-spacer\"><\/div>\n\n\n\n<h2 class=\"wp-block-heading\">Neue Publikationen<\/h2>\n\n\n<ul class=\"wp-block-latest-posts__list has-dates is-style-twentytwentyone-latest-posts-borders wp-block-latest-posts\"><li><a class=\"wp-block-latest-posts__post-title\" href=\"https:\/\/baukultur-netzwerk.de\/en\/tagungsband-zur-herzogwerkstatt\/\">Tagungsband zur Herzogwerkstatt<\/a><time datetime=\"2022-07-12T12:35:49+02:00\" class=\"wp-block-latest-posts__post-date\">12. July 2022<\/time><div class=\"wp-block-latest-posts__post-excerpt\">St. Stephan in Wien. Die &#8222;Herzogswerkstatt&#8220; Barbara Schedl und Franz Zehetner (Hg.) Der Band vereint die neuesten Forschungsergebnisse zu der von Rudolf IV. initiierten Erweiterung der Wiener Stephanskirche in Hinblick&hellip; <a class=\"more-link\" href=\"https:\/\/baukultur-netzwerk.de\/en\/tagungsband-zur-herzogwerkstatt\/\">Continue reading <span class=\"screen-reader-text\">Tagungsband zur Herzogwerkstatt<\/span><\/a><\/div><\/li>\n<li><a class=\"wp-block-latest-posts__post-title\" href=\"https:\/\/baukultur-netzwerk.de\/en\/architekturoekonomie\/\">Architektur\u00f6konomie<\/a><time datetime=\"2022-06-24T14:24:07+02:00\" class=\"wp-block-latest-posts__post-date\">24. June 2022<\/time><div class=\"wp-block-latest-posts__post-excerpt\">Die Finanzierung kirchlicher und kommunaler Bauvorhaben im sp\u00e4teren Mittelalter Herausgeber: Richard Nemec, Gerald Schwedler Die urbanen Bauprojekte des sp\u00e4ten Mittelalters dienten nicht nur milit\u00e4rischen oder repr\u00e4sentativen Zwecken, sie waren auch&hellip; <a class=\"more-link\" href=\"https:\/\/baukultur-netzwerk.de\/en\/architekturoekonomie\/\">Continue reading <span class=\"screen-reader-text\">Architektur\u00f6konomie<\/span><\/a><\/div><\/li>\n<li><a class=\"wp-block-latest-posts__post-title\" href=\"https:\/\/baukultur-netzwerk.de\/en\/spaetgotische-baukunst-in-unterfranken-ein-ueberblick-zur-baukultur-von-1370-bis-1530\/\">Sp\u00e4tgotische Baukunst in Unterfranken &#8211; Ein \u00dcberblick zur Baukultur von 1370 bis 1530<\/a><time datetime=\"2022-06-24T13:32:32+02:00\" class=\"wp-block-latest-posts__post-date\">24. June 2022<\/time><div class=\"wp-block-latest-posts__post-excerpt\">Herausgeber: Stefan B\u00fcrger, Prof. Dr., 2014 Berufung auf die Professur f\u00fcr Kunstgeschichte an der Universit\u00e4t W\u00fcrzburg. Die Jahre zwischen 1370 und 1530 waren eine Zeit gro\u00dfer Baut\u00e4tigkeit. Das wird in&hellip; <a class=\"more-link\" href=\"https:\/\/baukultur-netzwerk.de\/en\/spaetgotische-baukunst-in-unterfranken-ein-ueberblick-zur-baukultur-von-1370-bis-1530\/\">Continue reading <span class=\"screen-reader-text\">Sp\u00e4tgotische Baukunst in Unterfranken &#8211; Ein \u00dcberblick zur Baukultur von 1370 bis 1530<\/span><\/a><\/div><\/li>\n<\/ul>","protected":false},"excerpt":{"rendered":"<p>Presseartikel Tutorials &amp; Informationen Neue Publikationen<\/p>","protected":false},"author":1,"featured_media":0,"parent":0,"menu_order":0,"comment_status":"closed","ping_status":"closed","template":"","meta":{"footnotes":""},"class_list":["post-251","page","type-page","status-publish","hentry","entry"],"jetpack_sharing_enabled":true,"_links":{"self":[{"href":"https:\/\/baukultur-netzwerk.de\/en\/wp-json\/wp\/v2\/pages\/251","targetHints":{"allow":["GET"]}}],"collection":[{"href":"https:\/\/baukultur-netzwerk.de\/en\/wp-json\/wp\/v2\/pages"}],"about":[{"href":"https:\/\/baukultur-netzwerk.de\/en\/wp-json\/wp\/v2\/types\/page"}],"author":[{"embeddable":true,"href":"https:\/\/baukultur-netzwerk.de\/en\/wp-json\/wp\/v2\/users\/1"}],"replies":[{"embeddable":true,"href":"https:\/\/baukultur-netzwerk.de\/en\/wp-json\/wp\/v2\/comments?post=251"}],"version-history":[{"count":15,"href":"https:\/\/baukultur-netzwerk.de\/en\/wp-json\/wp\/v2\/pages\/251\/revisions"}],"predecessor-version":[{"id":440,"href":"https:\/\/baukultur-netzwerk.de\/en\/wp-json\/wp\/v2\/pages\/251\/revisions\/440"}],"wp:attachment":[{"href":"https:\/\/baukultur-netzwerk.de\/en\/wp-json\/wp\/v2\/media?parent=251"}],"curies":[{"name":"wp","href":"https:\/\/api.w.org\/{rel}","templated":true}]}}