{"id":25,"date":"2022-05-03T12:18:26","date_gmt":"2022-05-03T12:18:26","guid":{"rendered":"https:\/\/baukultur-netzwerk.de\/?page_id=25"},"modified":"2022-06-30T08:01:19","modified_gmt":"2022-06-30T06:01:19","slug":"beschreibung","status":"publish","type":"page","link":"https:\/\/baukultur-netzwerk.de\/en\/beschreibung\/","title":{"rendered":"network"},"content":{"rendered":"<p>Much of the diversity of modern Europe would be missing without its defining building culture. This culture can be understood as the sum of actions, organisations and mediality involved in social interactions aiming at shaping their surroundings by the means of architecture. It is closely linked to contemporary mental, political, religious and aesthetic backgrounds. Thus, any definition has to consider its dependency on history as well as a lack of clear-cut boundaries.<\/p>\n\n\n\n<p>The network will be dedicated to a period of history that saw a dynamic development of the building culture and its emergence as an important factor of social practice. The focus lies on the building culture north of the Alps during the late Middle Ages, i.e. the 14th to 16th century. The geographic target area derives from the areas of responsibility of certain \u2018main\u2019 building lodges mentioned in the ordinances of the lodge in Regensburg (1459). From a west-east direction, these areas stretch from the Alsace to Hungary and, in a south-north direction, from the Alps to the North and Baltic Sea. The region is thus broadly identical with the so-called Germania of the Holy Roman Empire, however exceeding it by far in an eastern direction. The historical period under examination will be defined by the initial emergence of a codified building organisation at the end of the 13th century and the consequential structural changes of the 16th century, which will be considered as the ending phase. This was caused by the dissolution of the then leading lodges of the cathedrals (e.g. Basel) as a result of the Reformation or the growing irrelevance of others (e.g. Cologne) and amounted to the discontinuation of the building of large parish or collegiate churches. At the same time other building causes such as residential chapels or the expensive renovation of fortifications based on new developments of military technology gained further importance. This was accompanied by the increasing dominance of mainly courtly discourses about architecture of Italian origins. This period thus limits the work of the network although structural continuities make it possible to form a connection with other research. <em>Germania<\/em> des <em>R\u00f6mischen Reiches<\/em>, da er vor allem nach Osten weit dar\u00fcber hinausgreift. Historisch wird die Periode untersucht, die zwischen der Entstehung erster kodifizierter Bauorganisationen am Ende des 13. Jahrhunderts liegt und den folgenreichen strukturellen Z\u00e4suren im 16. Jahrhundert, welches als \u201eAuslaufphase\u201c betrachtet wird. Denn damals wurden in der Folge der Reformation die bis dahin tonangebenden Bauh\u00fctten der Kathedralen (z.B. Basel) aufgel\u00f6st oder (z.B. K\u00f6ln) irrelevant und der Bau von gro\u00dfen st\u00e4dtischen Pfarr- und Stiftskirchen eingestellt. Gleichzeitig stiegen andere Bauaufgaben wie die Residenzkapelle oder die kostspielige Erneuerung des Festungsbaus infolge der ver\u00e4nderten Milit\u00e4rtechnik auf und neue, vorwiegend h\u00f6fische Architekturdiskurse italienischen Ursprungs wurden dominanter. Daher ist mit dieser Epoche der Netzwerksarbeit eine Grenze gesetzt, wenngleich wegen erkennbarer struktureller Kontinuit\u00e4ten die Anschlussf\u00e4higkeit zu anderen Forschungen gewahrt wird.<\/p>\n\n\n\n<p>The content of the research is marked as an era of an innovative building culture with an advanced complexity \u2013 the remains of which can still be witnessed in the form of several historical monuments, illustrations as well as written sources. Together they document the importance that was attributed to these forms of architectural expression, particularly since the majority of the buildings themselves or the sources about them exhibit a representative or ecclesiastical function such as churches, city halls, manors and castles, city walls etc. The project acknowledges the thesis that the ability and intention to engage in visual and spatial representations promoted the building culture and that reciprocally this more elaborated building culture made it possible for individuals, groups and institutions to produce more refined presentations of their significance in building. Not only is this reflected in the general appearance of the buildings but it is also mirrored when analysing their technology and construction. In addition, a multitude of written sources of different genres \u2013 from building accounts to literary descriptions \u2013 provide further insights. Some forms of textualisation closely connected to the building industry such as account books only came into existence in this context. They bear witness to an increasing degree of technological and administrative organisation within building which in turn express a general sociocultural differentiation and management \u2013 the two processes mutually accelerating each other. The phenomena stretch from gradually further codified agreements between contractors and executors \u2013 both of them will be rather regarded as groups or institutions rather than individuals \u2013 to arbitrary attempts of legal enactments by powerful institutions like the minster lodges and the so-called Landesbauwesen. Those attempts reached imperial significance since they invoked conflicts between local agents that could not be solved on a regional level. The conflicts can be understood as the product of the more elaborated building culture and the accompanying claims of exclusiveness. Whether they can be connected to similar phenomena such as the later confessionalisation or evaluated as their precursors will not be the focus of the network but hints at potential dimensions of the research hypothesis.<\/p>","protected":false},"excerpt":{"rendered":"<p>Ohne eine pr\u00e4gende Baukultur ist das heutige vielf\u00e4ltige Europa nicht denkbar. Baukultur wird verstanden als die Summe aus Aktion, Organisation, Medialit\u00e4t und Reaktion gesellschaftlicher Interaktion mit dem Ziel der architektonischen Gestaltung von Umwelt. Sie ist eng verkn\u00fcpft mit zeitgebundenen mentalen, politischen, religi\u00f6sen und \u00e4sthetischen Hintergr\u00fcnden. Daher ist sie historisch variabel und kaum randscharf zu definieren.&hellip; <a class=\"more-link\" href=\"https:\/\/baukultur-netzwerk.de\/en\/beschreibung\/\">Continue reading <span class=\"screen-reader-text\">network<\/span><\/a><\/p>","protected":false},"author":1,"featured_media":0,"parent":0,"menu_order":0,"comment_status":"closed","ping_status":"closed","template":"","meta":{"footnotes":""},"class_list":["post-25","page","type-page","status-publish","hentry","entry"],"jetpack_sharing_enabled":true,"_links":{"self":[{"href":"https:\/\/baukultur-netzwerk.de\/en\/wp-json\/wp\/v2\/pages\/25","targetHints":{"allow":["GET"]}}],"collection":[{"href":"https:\/\/baukultur-netzwerk.de\/en\/wp-json\/wp\/v2\/pages"}],"about":[{"href":"https:\/\/baukultur-netzwerk.de\/en\/wp-json\/wp\/v2\/types\/page"}],"author":[{"embeddable":true,"href":"https:\/\/baukultur-netzwerk.de\/en\/wp-json\/wp\/v2\/users\/1"}],"replies":[{"embeddable":true,"href":"https:\/\/baukultur-netzwerk.de\/en\/wp-json\/wp\/v2\/comments?post=25"}],"version-history":[{"count":3,"href":"https:\/\/baukultur-netzwerk.de\/en\/wp-json\/wp\/v2\/pages\/25\/revisions"}],"predecessor-version":[{"id":393,"href":"https:\/\/baukultur-netzwerk.de\/en\/wp-json\/wp\/v2\/pages\/25\/revisions\/393"}],"wp:attachment":[{"href":"https:\/\/baukultur-netzwerk.de\/en\/wp-json\/wp\/v2\/media?parent=25"}],"curies":[{"name":"wp","href":"https:\/\/api.w.org\/{rel}","templated":true}]}}