{"id":23,"date":"2022-05-03T12:17:22","date_gmt":"2022-05-03T12:17:22","guid":{"rendered":"https:\/\/baukultur-netzwerk.de\/?page_id=23"},"modified":"2022-08-09T09:34:46","modified_gmt":"2022-08-09T07:34:46","slug":"links","status":"publish","type":"page","link":"https:\/\/baukultur-netzwerk.de\/en\/links\/","title":{"rendered":"links"},"content":{"rendered":"<hr class=\"wp-block-separator has-alpha-channel-opacity\"\/>\n\n\n\n<p>In der \u201eWissensdatenbank zu St. Stephan in Wien\u201c findet sich neben einer Datenbank zu Steinmetzzeichen (Expertensystem \/ Stonemarks) eine umfassende Sammlung von Schriftquellen zur Wiener Stephanskirche. Abrufbar ist ein Schlagwortindex, die Transkription der Kirchmeisterrechnungen von 1412 sowie ein Schriftquellenkatalog in Regestenform vom 12. bis in das 19. Jahrhundert (Expertensystem).<\/p>\n\n\n\n<p><a href=\"https:\/\/www.sanktstephan.at\/\">https:\/\/www.sanktstephan.at\/<\/a><\/p>\n\n\n\n<hr class=\"wp-block-separator has-alpha-channel-opacity\"\/>\n\n\n\n<p>In der Sammlungsdatenbank der Stra\u00dfburger\u00a0Museen bilden die zehn Museen der Stadt Stra\u00dfburg eines der gr\u00f6\u00dften Netzwerke von Museen in Frankreich. Eine St\u00e4rke, die eine noch bedeutendere Dimension annimmt, wenn sie f\u00fcr f\u00fcr alle zug\u00e4nglich ist, geteilt und angeeignet wird.<\/p>\n\n\n\n<p><a href=\"https:\/\/collections.musees.strasbourg.eu\">https:\/\/collections.musees.strasbourg.eu<\/a><\/p>\n\n\n\n<hr class=\"wp-block-separator has-alpha-channel-opacity\"\/>\n\n\n\n<p>Sammlungsdatenbank (\u201eLUMEN\u201c)<\/p>\n\n\n\n<p>Die Fondation de l&#8217;\u0152uvre de Notre-Dame bewahrt zahlreiche Dokumente auf, die ihren Reichtum ausmachen: Archive, Pl\u00e4ne, Zeichnungen, B\u00fccher, Fotografien, aber auch Gipsabg\u00fcsse, alte Steine und Glasfenster.<\/p>\n\n\n\n<p><a href=\"https:\/\/lumen.oeuvre-notre-dame.eu\/\">https:\/\/lumen.oeuvre-notre-dame.eu\/<\/a><\/p>\n\n\n\n<hr class=\"wp-block-separator has-alpha-channel-opacity\"\/>\n\n\n\n<p>Zugang zu einem digitalen B\u00fcchlein zum sp\u00e4tgotischen Laurentiusportal.<\/p>\n\n\n\n<p><a href=\"https:\/\/fr.calameo.com\/read\/00182191946da891e8182\">https:\/\/fr.calameo.com\/read\/00182191946da891e8182<\/a><\/p>","protected":false},"excerpt":{"rendered":"<p>In der \u201eWissensdatenbank zu St. Stephan in Wien\u201c findet sich neben einer Datenbank zu Steinmetzzeichen (Expertensystem \/ Stonemarks) eine umfassende Sammlung von Schriftquellen zur Wiener Stephanskirche. Abrufbar ist ein Schlagwortindex, die Transkription der Kirchmeisterrechnungen von 1412 sowie ein Schriftquellenkatalog in Regestenform vom 12. bis in das 19. Jahrhundert (Expertensystem). https:\/\/www.sanktstephan.at\/ In der Sammlungsdatenbank der Stra\u00dfburger\u00a0Museen&hellip; <a class=\"more-link\" href=\"https:\/\/baukultur-netzwerk.de\/en\/links\/\">Continue reading <span class=\"screen-reader-text\">links<\/span><\/a><\/p>","protected":false},"author":1,"featured_media":0,"parent":0,"menu_order":0,"comment_status":"closed","ping_status":"closed","template":"","meta":{"footnotes":""},"class_list":["post-23","page","type-page","status-publish","hentry","entry"],"jetpack_sharing_enabled":true,"_links":{"self":[{"href":"https:\/\/baukultur-netzwerk.de\/en\/wp-json\/wp\/v2\/pages\/23","targetHints":{"allow":["GET"]}}],"collection":[{"href":"https:\/\/baukultur-netzwerk.de\/en\/wp-json\/wp\/v2\/pages"}],"about":[{"href":"https:\/\/baukultur-netzwerk.de\/en\/wp-json\/wp\/v2\/types\/page"}],"author":[{"embeddable":true,"href":"https:\/\/baukultur-netzwerk.de\/en\/wp-json\/wp\/v2\/users\/1"}],"replies":[{"embeddable":true,"href":"https:\/\/baukultur-netzwerk.de\/en\/wp-json\/wp\/v2\/comments?post=23"}],"version-history":[{"count":10,"href":"https:\/\/baukultur-netzwerk.de\/en\/wp-json\/wp\/v2\/pages\/23\/revisions"}],"predecessor-version":[{"id":439,"href":"https:\/\/baukultur-netzwerk.de\/en\/wp-json\/wp\/v2\/pages\/23\/revisions\/439"}],"wp:attachment":[{"href":"https:\/\/baukultur-netzwerk.de\/en\/wp-json\/wp\/v2\/media?parent=23"}],"curies":[{"name":"wp","href":"https:\/\/api.w.org\/{rel}","templated":true}]}}