{"id":21,"date":"2022-05-03T12:15:55","date_gmt":"2022-05-03T12:15:55","guid":{"rendered":"https:\/\/baukultur-netzwerk.de\/?page_id=21"},"modified":"2022-06-30T08:14:39","modified_gmt":"2022-06-30T06:14:39","slug":"programm","status":"publish","type":"page","link":"https:\/\/baukultur-netzwerk.de\/en\/programm\/","title":{"rendered":"program"},"content":{"rendered":"<p>Der Projektverlauf des Netzwerkes sieht im F\u00f6rderzeitraum vier gemeinsame Arbeitstreffen vor: Die Auftaktveranstaltung in Dresden und Umland fand im November 2021 statt. Weitere Treffen in Ulm, Wien und Stra\u00dfburg folgen etwa halbj\u00e4hrlich.<\/p>\n\n\n\n<h2 class=\"wp-block-heading\">vergangene Treffen:<\/h2>\n\n\n<ul class=\"wp-block-latest-posts__list has-dates is-style-twentytwentyone-latest-posts-borders wp-block-latest-posts\"><li><a class=\"wp-block-latest-posts__post-title\" href=\"https:\/\/baukultur-netzwerk.de\/en\/ulm-5-2022\/\">Ulm 5.-8.05.2022<\/a><time datetime=\"2022-05-08T10:42:00+02:00\" class=\"wp-block-latest-posts__post-date\">8. May 2022<\/time><\/li>\n<li><a class=\"wp-block-latest-posts__post-title\" href=\"https:\/\/baukultur-netzwerk.de\/en\/treffen-11-2021\/\">Dresden 11.-14.11.2021<\/a><time datetime=\"2021-11-14T10:10:00+02:00\" class=\"wp-block-latest-posts__post-date\">14. November 2021<\/time><\/li>\n<\/ul>\n\n\n<h2 class=\"wp-block-heading\">k\u00fcnftige Termine:<\/h2>\n\n\n\n<ul class=\"wp-block-list\"><li>Treffen Wien &#8211; in Vorbereitung \/ Oktober 2022<\/li><li>Treffen Stra\u00dfburg &#8211; voraussichtlich 2023<\/li><\/ul>\n\n\n\n<div class=\"wp-block-columns is-layout-flex wp-container-core-columns-is-layout-9d6595d7 wp-block-columns-is-layout-flex\">\n<div class=\"wp-block-column is-layout-flow wp-block-column-is-layout-flow\" style=\"flex-basis:100%\">\n<div class=\"wp-block-columns is-style-default is-layout-flex wp-container-core-columns-is-layout-9d6595d7 wp-block-columns-is-layout-flex\">\n<div class=\"wp-block-column is-layout-flow wp-block-column-is-layout-flow\" style=\"flex-basis:100%\">\n<div class=\"wp-block-group\"><div class=\"wp-block-group__inner-container is-layout-flow wp-block-group-is-layout-flow\"><ul class=\"wp-block-latest-posts__list is-grid columns-3 aligncenter is-style-twentytwentyone-latest-posts-borders wp-block-latest-posts\"><li><a class=\"wp-block-latest-posts__post-title\" href=\"https:\/\/baukultur-netzwerk.de\/en\/wien-in-vorbereitung\/\">Wien 6.-9.10.2022<\/a><\/li>\n<li><a class=\"wp-block-latest-posts__post-title\" href=\"https:\/\/baukultur-netzwerk.de\/en\/strassburg-2023\/\">Stra\u00dfburg 2023<\/a><\/li>\n<\/ul><\/div><\/div>\n<\/div>\n<\/div>\n<\/div>\n<\/div>","protected":false},"excerpt":{"rendered":"<p>Der Projektverlauf des Netzwerkes sieht im F\u00f6rderzeitraum vier gemeinsame Arbeitstreffen vor: Die Auftaktveranstaltung in Dresden und Umland fand im November 2021 statt. Weitere Treffen in Ulm, Wien und Stra\u00dfburg folgen etwa halbj\u00e4hrlich. vergangene Treffen: k\u00fcnftige Termine: Treffen Wien &#8211; in Vorbereitung \/ Oktober 2022 Treffen Stra\u00dfburg &#8211; voraussichtlich 2023<\/p>","protected":false},"author":1,"featured_media":0,"parent":0,"menu_order":0,"comment_status":"closed","ping_status":"closed","template":"","meta":{"footnotes":""},"class_list":["post-21","page","type-page","status-publish","hentry","entry"],"jetpack_sharing_enabled":true,"_links":{"self":[{"href":"https:\/\/baukultur-netzwerk.de\/en\/wp-json\/wp\/v2\/pages\/21","targetHints":{"allow":["GET"]}}],"collection":[{"href":"https:\/\/baukultur-netzwerk.de\/en\/wp-json\/wp\/v2\/pages"}],"about":[{"href":"https:\/\/baukultur-netzwerk.de\/en\/wp-json\/wp\/v2\/types\/page"}],"author":[{"embeddable":true,"href":"https:\/\/baukultur-netzwerk.de\/en\/wp-json\/wp\/v2\/users\/1"}],"replies":[{"embeddable":true,"href":"https:\/\/baukultur-netzwerk.de\/en\/wp-json\/wp\/v2\/comments?post=21"}],"version-history":[{"count":27,"href":"https:\/\/baukultur-netzwerk.de\/en\/wp-json\/wp\/v2\/pages\/21\/revisions"}],"predecessor-version":[{"id":420,"href":"https:\/\/baukultur-netzwerk.de\/en\/wp-json\/wp\/v2\/pages\/21\/revisions\/420"}],"wp:attachment":[{"href":"https:\/\/baukultur-netzwerk.de\/en\/wp-json\/wp\/v2\/media?parent=21"}],"curies":[{"name":"wp","href":"https:\/\/api.w.org\/{rel}","templated":true}]}}