{"id":10,"date":"2022-05-03T12:04:05","date_gmt":"2022-05-03T12:04:05","guid":{"rendered":"https:\/\/baukultur-netzwerk.de\/?page_id=10"},"modified":"2022-06-24T16:27:10","modified_gmt":"2022-06-24T14:27:10","slug":"nordalpine-baukultur-des-spaetmittelalters","status":"publish","type":"page","link":"https:\/\/baukultur-netzwerk.de\/en\/","title":{"rendered":"NORTHERN ALPINE BUILDING CULTURE OF THE LATE MIDDLE AGES"},"content":{"rendered":"<div class=\"wp-block-buttons is-content-justification-center is-layout-flex wp-container-core-buttons-is-layout-16018d1d wp-block-buttons-is-layout-flex\">\n<div class=\"wp-block-button is-style-outline is-style-outline--1\"><a class=\"wp-block-button__link\" href=\"https:\/\/baukultur-netzwerk.de\/en\/tutorials\/\" style=\"border-radius:30px\">Tutorials<\/a><\/div>\n\n\n\n<div class=\"wp-block-button is-style-outline is-style-outline--2\"><a class=\"wp-block-button__link\" href=\"https:\/\/baukultur-netzwerk.de\/en\/presseartikel\/\" style=\"border-radius:30px\">Presseartikel<\/a><\/div>\n\n\n\n<div class=\"wp-block-button is-style-outline is-style-outline--3\"><a class=\"wp-block-button__link\" href=\"https:\/\/baukultur-netzwerk.de\/en\/publikationen\/\" style=\"border-radius:30px\">Publikationen<\/a><\/div>\n<\/div>\n\n\n\n<div class=\"wp-block-group\"><div class=\"wp-block-group__inner-container is-layout-flow wp-block-group-is-layout-flow\"><\/div><\/div>\n\n\n\n<p>In October 2020, the German Research Foundation (GRF) launched the new network. It constitutes an ambition and cooperation initiated by the Institutes of Art History of the TU Dresden and JMU W\u00fcrzburg.<\/p>\n\n\n\n<p>It includes researchers from Bern, Dresden, Erlangen-Nuremberg, G\u00f6ttingen, Halle-Wittenberg, Jena, Karlsruhe, Kiel, Regensburg, Strasbourg, Stuttgart, T\u00fcbingen, Vienna, W\u00fcrzburg as well as Z\u00fcrich who endeavour to assess questions regarding the objects, sources and methods involved in the development of the late medieval building culture (15th to 16th century).<\/p>\n\n\n\n<p>The first aim is to combine the diverse and sometimes particular research results and initiatives in the German speaking area. The starting point for this is the different, yet sometimes overlapping groundwork conducted by the members of the network within the realm of archive and source studies, as well as in the area of building research and architectural studies that offer various cultural and humanistic dimensions. A second goal consists of compiling and editing a cardinal joint publication on fundamental topics of the late medieval building culture. The promotion of early-career researchers forms the third objective of the network as there is currently a lack of young researchers within this field of research albeit being full of artefacts as well as sources.<\/p>\n\n\n\n<p>We look forward to working together and hope to spark the interest of new colleagues for this promising topic.<\/p>\n\n\n\n<div style=\"height:140px\" aria-hidden=\"true\" class=\"wp-block-spacer\"><\/div>\n\n\n\n<figure class=\"wp-block-gallery has-nested-images columns-3 wp-block-gallery-4 is-layout-flex wp-block-gallery-is-layout-flex\">\n<figure class=\"wp-block-image size-full is-style-default\"><img data-recalc-dims=\"1\" loading=\"lazy\" decoding=\"async\" width=\"300\" height=\"87\" data-id=\"161\" src=\"https:\/\/i0.wp.com\/baukultur-netzwerk.de\/wp-content\/uploads\/2022\/05\/Logo_TU_Dresden_300.png?resize=300%2C87&#038;ssl=1\" alt=\"\" class=\"wp-image-161\"\/><\/figure>\n\n\n\n<figure class=\"wp-block-image size-full is-style-default\"><img data-recalc-dims=\"1\" loading=\"lazy\" decoding=\"async\" width=\"300\" height=\"53\" data-id=\"160\" src=\"https:\/\/i0.wp.com\/baukultur-netzwerk.de\/wp-content\/uploads\/2022\/05\/DFG-logo-blau_300.png?resize=300%2C53&#038;ssl=1\" alt=\"\" class=\"wp-image-160\"\/><\/figure>\n\n\n\n<figure class=\"wp-block-image size-full is-style-default\"><img data-recalc-dims=\"1\" loading=\"lazy\" decoding=\"async\" width=\"300\" height=\"150\" data-id=\"180\" src=\"https:\/\/i0.wp.com\/baukultur-netzwerk.de\/wp-content\/uploads\/2022\/05\/Logo_KuGeUni_4C.png?resize=300%2C150&#038;ssl=1\" alt=\"\" class=\"wp-image-180\"\/><\/figure>\n<\/figure>\n\n\n\n<p><\/p>","protected":false},"excerpt":{"rendered":"<p>Im Oktober 2020 hat die DFG das neue Netzwerk auf den Weg gebracht. Es handelt sich um eine Initiative und Kooperation, die von den kunsthistorischen Instituten der TU Dresden und der JMU W\u00fcrzburg ins Leben gerufen wurde. Forscherinnen und Forscher aus Bern, Dresden, Erlangen-N\u00fcrnberg, G\u00f6ttingen, Halle-Wittenberg, Jena, Karlsruhe, Kiel, Regensburg, Stra\u00dfburg, Stuttgart, T\u00fcbingen, Wien, W\u00fcrzburg&hellip; <a class=\"more-link\" href=\"https:\/\/baukultur-netzwerk.de\/en\/\">Continue reading <span class=\"screen-reader-text\">NORTHERN ALPINE BUILDING CULTURE OF THE LATE MIDDLE AGES<\/span><\/a><\/p>","protected":false},"author":1,"featured_media":17,"parent":0,"menu_order":0,"comment_status":"closed","ping_status":"closed","template":"","meta":{"footnotes":""},"class_list":["post-10","page","type-page","status-publish","has-post-thumbnail","hentry","entry"],"jetpack_sharing_enabled":true,"_links":{"self":[{"href":"https:\/\/baukultur-netzwerk.de\/en\/wp-json\/wp\/v2\/pages\/10","targetHints":{"allow":["GET"]}}],"collection":[{"href":"https:\/\/baukultur-netzwerk.de\/en\/wp-json\/wp\/v2\/pages"}],"about":[{"href":"https:\/\/baukultur-netzwerk.de\/en\/wp-json\/wp\/v2\/types\/page"}],"author":[{"embeddable":true,"href":"https:\/\/baukultur-netzwerk.de\/en\/wp-json\/wp\/v2\/users\/1"}],"replies":[{"embeddable":true,"href":"https:\/\/baukultur-netzwerk.de\/en\/wp-json\/wp\/v2\/comments?post=10"}],"version-history":[{"count":31,"href":"https:\/\/baukultur-netzwerk.de\/en\/wp-json\/wp\/v2\/pages\/10\/revisions"}],"predecessor-version":[{"id":323,"href":"https:\/\/baukultur-netzwerk.de\/en\/wp-json\/wp\/v2\/pages\/10\/revisions\/323"}],"wp:featuredmedia":[{"embeddable":true,"href":"https:\/\/baukultur-netzwerk.de\/en\/wp-json\/wp\/v2\/media\/17"}],"wp:attachment":[{"href":"https:\/\/baukultur-netzwerk.de\/en\/wp-json\/wp\/v2\/media?parent=10"}],"curies":[{"name":"wp","href":"https:\/\/api.w.org\/{rel}","templated":true}]}}